{"id":15838,"date":"2020-10-16T22:44:58","date_gmt":"2020-10-16T20:44:58","guid":{"rendered":"http:\/\/nowa.spartaqs.com\/%d0%bd%d0%be%d0%b2%d0%b8%d0%bd%d0%b8\/"},"modified":"2022-04-26T17:49:31","modified_gmt":"2022-04-26T15:49:31","slug":"%d0%bd%d0%be%d0%b2%d0%b8%d0%bd%d0%b8","status":"publish","type":"page","link":"https:\/\/spartaqs.com\/uk\/%d0%bd%d0%be%d0%b2%d0%b8%d0%bd%d0%b8\/","title":{"rendered":"\u041d\u043e\u0432\u0438\u043d\u0438"},"content":{"rendered":"<p>[et_pb_section fb_built=&#8221;1&#8243; _builder_version=&#8221;4.7.7&#8243; _module_preset=&#8221;default&#8221; background_image=&#8221;http:\/\/spartaqs.com\/wp-content\/uploads\/2017\/09\/aktualnosco_spartaqs.png&#8221; global_colors_info=&#8221;{}&#8221;][et_pb_row _builder_version=&#8221;4.7.0&#8243; _module_preset=&#8221;default&#8221; custom_margin=&#8221;50px||0px||false|false&#8221; custom_padding=&#8221;0px||0px||false|false&#8221; global_colors_info=&#8221;{}&#8221;][et_pb_column type=&#8221;4_4&#8243; _builder_version=&#8221;4.7.0&#8243; _module_preset=&#8221;default&#8221; global_colors_info=&#8221;{}&#8221;][et_pb_text _builder_version=&#8221;4.7.7&#8243; _module_preset=&#8221;default&#8221; text_text_color=&#8221;#ffffff&#8221; header_text_align=&#8221;center&#8221; header_font_size=&#8221;36px&#8221; background_layout=&#8221;dark&#8221; custom_padding=&#8221;28px||70px|||&#8221; global_colors_info=&#8221;{}&#8221;]<\/p>\n<h1>\u041d\u041e\u0412\u0418\u041d\u0418<\/h1>\n<p>[\/et_pb_text][\/et_pb_column][\/et_pb_row][\/et_pb_section][et_pb_section fb_built=&#8221;1&#8243; _builder_version=&#8221;4.7.0&#8243; _module_preset=&#8221;default&#8221; custom_padding=&#8221;0px||||false|false&#8221; global_colors_info=&#8221;{}&#8221;][et_pb_row column_structure=&#8221;2_3,1_3&#8243; use_custom_gutter=&#8221;on&#8221; gutter_width=&#8221;2&#8243; _builder_version=&#8221;4.6.6&#8243; _module_preset=&#8221;default&#8221; global_colors_info=&#8221;{}&#8221;][et_pb_column type=&#8221;2_3&#8243; _builder_version=&#8221;4.6.6&#8243; _module_preset=&#8221;default&#8221; global_colors_info=&#8221;{}&#8221;][et_pb_blog posts_number=&#8221;5&#8243; include_categories=&#8221;4&#8243; use_manual_excerpt=&#8221;off&#8221; excerpt_length=&#8221;0&#8243; show_more=&#8221;on&#8221; module_id=&#8221;pagi-space&#8221; _builder_version=&#8221;4.14.8&#8243; _module_preset=&#8221;default&#8221; header_font=&#8221;|700|||||||&#8221; header_font_size=&#8221;20px&#8221; header_line_height=&#8221;1.7em&#8221; meta_font=&#8221;||on||||||&#8221; read_more_font=&#8221;|600||on|on||||solid&#8221; read_more_text_color=&#8221;#0c71c3&#8243; read_more_font_size=&#8221;18px&#8221; pagination_text_align=&#8221;center&#8221; pagination_font_size=&#8221;13px&#8221; background_enable_color=&#8221;off&#8221; width=&#8221;100%&#8221; max_width=&#8221;100%&#8221; module_alignment=&#8221;left&#8221; custom_margin=&#8221;||||false|false&#8221; custom_padding=&#8221;20px|20px||20px|false|false&#8221; animation_style=&#8221;slide&#8221; animation_intensity_slide=&#8221;3%&#8221; hover_enabled=&#8221;0&#8243; global_colors_info=&#8221;{}&#8221; read_more_font_size__hover_enabled=&#8221;on|desktop&#8221; header_font_size__hover_enabled=&#8221;off|hover&#8221; header_font_size__hover=&#8221;21px&#8221; header_line_height__hover_enabled=&#8221;on|hover&#8221; header_line_height__hover=&#8221;1.1em&#8221; read_more_font_size__hover=&#8221;20px&#8221; header_font_size_last_edited=&#8221;on|phone&#8221; sticky_enabled=&#8221;0&#8243; header_font_size_phone=&#8221;16px&#8221; meta_font_size_last_edited=&#8221;on|phone&#8221; meta_font_size_phone=&#8221;12px&#8221; body_font_size_last_edited=&#8221;on|phone&#8221; body_font_size_phone=&#8221;12px&#8221; header_font_size_tablet=&#8221;20px&#8221;][\/et_pb_blog][\/et_pb_column][et_pb_column type=&#8221;1_3&#8243; _builder_version=&#8221;4.6.6&#8243; _module_preset=&#8221;default&#8221; global_colors_info=&#8221;{}&#8221;][et_pb_text _builder_version=&#8221;4.7.0&#8243; _module_preset=&#8221;default&#8221; header_5_font_size=&#8221;17px&#8221; custom_margin=&#8221;||5px|-36px||&#8221; animation_style=&#8221;slide&#8221; global_colors_info=&#8221;{}&#8221;]<\/p>\n<h5 style=\"text-align: center;\">\u0428\u0443\u043a\u0430\u0442\u0438 \u043d\u0430 \u0441\u0430\u0439\u0442\u0456 &#8230;<\/h5>\n<p>[\/et_pb_text][et_pb_search _builder_version=&#8221;4.7.0&#8243; _module_preset=&#8221;default&#8221; width=&#8221;100%&#8221; max_width=&#8221;100%&#8221; custom_margin=&#8221;||||false|false&#8221; animation_style=&#8221;slide&#8221; animation_direction=&#8221;bottom&#8221; global_colors_info=&#8221;{}&#8221;][\/et_pb_search][et_pb_divider color=&#8221;#d6d6d6&#8243; divider_position=&#8221;center&#8221; _builder_version=&#8221;4.7.0&#8243; _module_preset=&#8221;default&#8221; animation_style=&#8221;slide&#8221; global_colors_info=&#8221;{}&#8221;][\/et_pb_divider][et_pb_text _builder_version=&#8221;4.7.4&#8243; _module_preset=&#8221;default&#8221; animation_style=&#8221;slide&#8221; animation_direction=&#8221;bottom&#8221; global_colors_info=&#8221;{}&#8221;]<\/p>\n<h4 style=\"text-align: center;\">\u041f\u0435\u0440\u0435\u0432\u0456\u0440\u0442\u0435 \u043d\u0430\u0441 \u043d\u0430:<\/h4>\n<p>[\/et_pb_text][et_pb_social_media_follow _builder_version=&#8221;4.7.4&#8243; _module_preset=&#8221;default&#8221; text_orientation=&#8221;center&#8221; module_alignment=&#8221;center&#8221; animation_style=&#8221;slide&#8221; animation_direction=&#8221;right&#8221; box_shadow_style=&#8221;preset3&#8243; box_shadow_horizontal=&#8221;-3px&#8221; box_shadow_vertical=&#8221;7px&#8221; box_shadow_blur=&#8221;9px&#8221; global_colors_info=&#8221;{}&#8221;][et_pb_social_media_follow_network social_network=&#8221;facebook&#8221; _builder_version=&#8221;4.6.6&#8243; _module_preset=&#8221;default&#8221; background_color=&#8221;#3b5998&#8243; global_colors_info=&#8221;{}&#8221; follow_button=&#8221;off&#8221; url_new_window=&#8221;on&#8221;]facebook[\/et_pb_social_media_follow_network][et_pb_social_media_follow_network social_network=&#8221;youtube&#8221; _builder_version=&#8221;4.6.6&#8243; _module_preset=&#8221;default&#8221; background_color=&#8221;#a82400&#8243; global_colors_info=&#8221;{}&#8221; follow_button=&#8221;off&#8221; url_new_window=&#8221;on&#8221;]youtube[\/et_pb_social_media_follow_network][et_pb_social_media_follow_network social_network=&#8221;linkedin&#8221; _builder_version=&#8221;4.6.6&#8243; _module_preset=&#8221;default&#8221; background_color=&#8221;#007bb6&#8243; global_colors_info=&#8221;{}&#8221; follow_button=&#8221;off&#8221; url_new_window=&#8221;on&#8221;]linkedin[\/et_pb_social_media_follow_network][et_pb_social_media_follow_network social_network=&#8221;instagram&#8221; _builder_version=&#8221;4.6.6&#8243; _module_preset=&#8221;default&#8221; background_color=&#8221;#ea2c59&#8243; global_colors_info=&#8221;{}&#8221; follow_button=&#8221;off&#8221; url_new_window=&#8221;on&#8221;]instagram[\/et_pb_social_media_follow_network][\/et_pb_social_media_follow][et_pb_divider color=&#8221;#d6d6d6&#8243; divider_position=&#8221;center&#8221; divider_weight=&#8221;2px&#8221; disabled_on=&#8221;on|on|off&#8221; _builder_version=&#8221;4.7.0&#8243; _module_preset=&#8221;default&#8221; width=&#8221;100%&#8221; max_width=&#8221;100%&#8221; module_alignment=&#8221;center&#8221; min_height=&#8221;2px&#8221; animation_style=&#8221;slide&#8221; global_colors_info=&#8221;{}&#8221;][\/et_pb_divider][et_pb_text disabled_on=&#8221;on|on|off&#8221; _builder_version=&#8221;4.9.9&#8243; _module_preset=&#8221;default&#8221; header_3_text_align=&#8221;left&#8221; header_3_font_size=&#8221;17px&#8221; animation_style=&#8221;slide&#8221; global_colors_info=&#8221;{}&#8221;]<\/p>\n<h3 style=\"text-align: center;\">\u043f\u0440\u0435\u0441\u0430 \u043f\u0440\u043e \u043d\u0430\u0441<\/h3>\n<p>[\/et_pb_text][et_pb_blog fullwidth=&#8221;off&#8221; posts_number=&#8221;3&#8243; include_categories=&#8221;5&#8243; use_manual_excerpt=&#8221;off&#8221; show_author=&#8221;off&#8221; show_date=&#8221;off&#8221; show_categories=&#8221;off&#8221; show_excerpt=&#8221;off&#8221; show_pagination=&#8221;off&#8221; show_thumbnail_tablet=&#8221;&#8221; show_thumbnail_phone=&#8221;&#8221; show_thumbnail_last_edited=&#8221;on|desktop&#8221; show_more_tablet=&#8221;&#8221; show_more_phone=&#8221;&#8221; show_more_last_edited=&#8221;on|desktop&#8221; show_author_tablet=&#8221;&#8221; show_author_phone=&#8221;&#8221; show_author_last_edited=&#8221;on|desktop&#8221; show_date_tablet=&#8221;&#8221; show_date_phone=&#8221;&#8221; show_date_last_edited=&#8221;on|desktop&#8221; show_categories_tablet=&#8221;&#8221; show_categories_phone=&#8221;&#8221; show_categories_last_edited=&#8221;on|desktop&#8221; show_comments_tablet=&#8221;&#8221; show_comments_phone=&#8221;&#8221; show_comments_last_edited=&#8221;on|desktop&#8221; show_excerpt_tablet=&#8221;&#8221; show_excerpt_phone=&#8221;&#8221; show_excerpt_last_edited=&#8221;on|desktop&#8221; show_pagination_tablet=&#8221;&#8221; show_pagination_phone=&#8221;&#8221; show_pagination_last_edited=&#8221;on|desktop&#8221; disabled_on=&#8221;on|on|off&#8221; _builder_version=&#8221;4.9.9&#8243; _module_preset=&#8221;default&#8221; header_font_size=&#8221;13px&#8221; header_line_height=&#8221;1.7em&#8221; background_color=&#8221;#ededed&#8221; width=&#8221;100%&#8221; max_width=&#8221;100%&#8221; custom_margin=&#8221;||||false|false&#8221; custom_padding=&#8221;15px|15px||15px|false|true&#8221; animation_style=&#8221;slide&#8221; animation_direction=&#8221;right&#8221; global_colors_info=&#8221;{}&#8221;][\/et_pb_blog][\/et_pb_column][\/et_pb_row][\/et_pb_section][et_pb_section fb_built=&#8221;1&#8243; module_class=&#8221;two-columns&#8221; _builder_version=&#8221;4.9.9&#8243; _module_preset=&#8221;default&#8221; background_color=&#8221;#000000&#8243; min_height=&#8221;516px&#8221; custom_margin=&#8221;7px|||||&#8221; custom_padding=&#8221;33px||32px|||&#8221; background_last_edited=&#8221;on|desktop&#8221; box_shadow_style=&#8221;preset1&#8243; box_shadow_color=&#8221;#000000&#8243; global_module=&#8221;12836&#8243; saved_tabs=&#8221;all&#8221; global_colors_info=&#8221;{}&#8221; custom_padding__hover_enabled=&#8221;on|desktop&#8221; custom_padding__hover=&#8221;33px||32px|||&#8221;][et_pb_row column_structure=&#8221;1_4,1_4,1_2&#8243; _builder_version=&#8221;4.6.6&#8243; _module_preset=&#8221;default&#8221; custom_margin=&#8221;|auto|-4px|auto||&#8221; animation_style=&#8221;slide&#8221; animation_direction=&#8221;bottom&#8221; animation_duration=&#8221;1150ms&#8221; animation_delay=&#8221;550ms&#8221; global_colors_info=&#8221;{}&#8221;][et_pb_column type=&#8221;1_4&#8243; _builder_version=&#8221;4.6.6&#8243; _module_preset=&#8221;default&#8221; global_colors_info=&#8221;{}&#8221;][et_pb_text _builder_version=&#8221;4.7.4&#8243; _module_preset=&#8221;default&#8221; text_font=&#8221;|600|||||||&#8221; text_text_color=&#8221;#ffffff&#8221; text_font_size=&#8221;21px&#8221; text_font_size_tablet=&#8221;&#8221; text_font_size_phone=&#8221;16px&#8221; text_font_size_last_edited=&#8221;on|phone&#8221; global_colors_info=&#8221;{}&#8221;]<\/p>\n<p style=\"text-align: left;\">\u041a\u041e\u041d\u0422\u0410\u041a\u0422<\/p>\n<p>[\/et_pb_text][et_pb_text _builder_version=&#8221;4.7.4&#8243; _module_preset=&#8221;default&#8221; text_text_color=&#8221;#ffffff&#8221; text_font_size=&#8221;15px&#8221; link_text_color=&#8221;#f9cc00&#8243; background_layout=&#8221;dark&#8221; text_font_size_tablet=&#8221;&#8221; text_font_size_phone=&#8221;12px&#8221; text_font_size_last_edited=&#8221;on|phone&#8221; global_colors_info=&#8221;{}&#8221;]<\/p>\n<h3 class=\"widget-title\"><\/h3>\n<div class=\"infor-inner\">\n<p class=\"heding\">Spartaqs Sp. z o.o.<br \/> Zygmunta Krasinskiego 29\/9<br \/> 40-019 Katowice<\/p>\n<p class=\"heding\">\n<\/div>\n<div class=\"infor-inner\">\n<p class=\"heding\"><a href=\"mailto:biuro@spartaqs.com\"><\/a><\/p>\n<p class=\"heding\">\n<\/div>\n<div class=\"infor-inner\">\n<p class=\"heding\">E-mail:<br \/> <a href=\"mailto:biuro@spartaqs.com\">biuro@spartaqs.com<\/a><\/p>\n<p class=\"heding\"><span>\u041f\u043e\u0434\u0437\u0432\u043e\u043d\u0438:<br \/><\/span>+48 533- 232-575<\/p>\n<\/div>\n<p>[\/et_pb_text][\/et_pb_column][et_pb_column type=&#8221;1_4&#8243; _builder_version=&#8221;4.6.6&#8243; _module_preset=&#8221;default&#8221; global_colors_info=&#8221;{}&#8221;][et_pb_text _builder_version=&#8221;4.6.6&#8243; _module_preset=&#8221;default&#8221; text_font=&#8221;|600|||||||&#8221; text_text_color=&#8221;#ffffff&#8221; text_font_size=&#8221;21px&#8221; text_font_size_tablet=&#8221;&#8221; text_font_size_phone=&#8221;16px&#8221; text_font_size_last_edited=&#8221;on|phone&#8221; global_colors_info=&#8221;{}&#8221;]<\/p>\n<p style=\"text-align: left;\"><strong>\u041d\u041e\u0412\u0418\u041d\u0418<\/strong><\/p>\n<p>[\/et_pb_text][et_pb_blog posts_number=&#8221;1&#8243; include_categories=&#8221;4&#8243; use_manual_excerpt=&#8221;off&#8221; excerpt_length=&#8221;0&#8243; show_more=&#8221;on&#8221; show_author=&#8221;off&#8221; show_categories=&#8221;off&#8221; show_excerpt=&#8221;off&#8221; show_pagination=&#8221;off&#8221; _builder_version=&#8221;4.14.8&#8243; _module_preset=&#8221;default&#8221; header_font=&#8221;Poppins|600|||||||&#8221; header_text_align=&#8221;left&#8221; header_font_size=&#8221;15px&#8221; header_line_height=&#8221;1.5em&#8221; body_font=&#8221;||||||||&#8221; body_text_align=&#8221;left&#8221; body_text_color=&#8221;#e8c500&#8243; body_font_size=&#8221;15px&#8221; background_layout=&#8221;dark&#8221; width_tablet=&#8221;&#8221; width_phone=&#8221;&#8221; width_last_edited=&#8221;on|phone&#8221; max_width_tablet=&#8221;&#8221; max_width_phone=&#8221;&#8221; max_width_last_edited=&#8221;on|phone&#8221; module_alignment=&#8221;center&#8221; animation_style=&#8221;slide&#8221; animation_duration=&#8221;800ms&#8221; header_font_size_tablet=&#8221;&#8221; header_font_size_phone=&#8221;13px&#8221; header_font_size_last_edited=&#8221;on|phone&#8221; body_font_size_tablet=&#8221;&#8221; body_font_size_phone=&#8221;12px&#8221; body_font_size_last_edited=&#8221;on|phone&#8221; meta_font_size_tablet=&#8221;10px&#8221; meta_font_size_phone=&#8221;&#8221; meta_font_size_last_edited=&#8221;on|tablet&#8221; global_colors_info=&#8221;{}&#8221; show_more__hover_enabled=&#8221;off|hover&#8221; body_font_size__hover_enabled=&#8221;on|hover&#8221; body_font_size__hover=&#8221;18px&#8221; body_text_color__hover_enabled=&#8221;on|hover&#8221; body_text_color__hover=&#8221;#D8B60F&#8221;][\/et_pb_blog][\/et_pb_column][et_pb_column type=&#8221;1_2&#8243; _builder_version=&#8221;4.6.6&#8243; _module_preset=&#8221;default&#8221; global_colors_info=&#8221;{}&#8221;][et_pb_text disabled_on=&#8221;on|on|off&#8221; _builder_version=&#8221;4.7.0&#8243; _module_preset=&#8221;default&#8221; text_text_color=&#8221;#ffffff&#8221; text_font_size=&#8221;21px&#8221; text_line_height=&#8221;1.1em&#8221; global_colors_info=&#8221;{}&#8221;]<\/p>\n<p style=\"text-align: right;\"><strong>\u041a\u041e\u041d\u0422\u0410\u041a\u0422\u041d\u0418\u0419 \u0424\u041e\u0420\u041c\u0423\u041b\u042f\u0420<\/strong><\/p>\n<p>[\/et_pb_text][et_pb_contact_form use_spam_service=&#8221;on&#8221; recaptcha_list=&#8221;Spartaqs|Spartaqs-0&#8243; recaptcha_min_score=&#8221;0.8&#8243; email=&#8221;biuro@spartaqs.com&#8221; custom_message=&#8221;Wys\u0142ano wiadomo\u015b\u0107 za po\u015brednictwem formularza kontaktowego!||et_pb_line_break_holder||||et_pb_line_break_holder||Adres strony &#8211; spartaqs.com||et_pb_line_break_holder||Formularz &#8211; stopka||et_pb_line_break_holder||||et_pb_line_break_holder||Nadawca &#8211; %%name%%||et_pb_line_break_holder||Adres e-mail &#8211; %%email%%||et_pb_line_break_holder||Tel. kom. &#8211; %%telefon%%||et_pb_line_break_holder||||et_pb_line_break_holder||Tre\u015b\u0107 wiadomo\u015bci:||et_pb_line_break_holder||%%Message%%&#8221; submit_button_text=&#8221;\u041d\u0430\u0434\u0456\u0441\u043b\u0430\u0442\u0438&#8221; title_last_edited=&#8221;off|desktop&#8221; submit_button_text_last_edited=&#8221;off|desktop&#8221; disabled_on=&#8221;on|on|off&#8221; _builder_version=&#8221;4.14.8&#8243; _module_preset=&#8221;default&#8221; _unique_id=&#8221;02ca3369-be5a-4f5a-8f2d-4663711b2f47&#8243; form_field_background_color=&#8221;#ffffff&#8221; form_field_focus_text_color=&#8221;#000000&#8243; captcha_font=&#8221;||||||||&#8221; captcha_text_color=&#8221;#ffffff&#8221; captcha_font_size=&#8221;17px&#8221; captcha_letter_spacing=&#8221;1px&#8221; captcha_line_height=&#8221;1.1em&#8221; form_field_text_align=&#8221;right&#8221; custom_button=&#8221;on&#8221; button_text_color=&#8221;#ffffff&#8221; text_orientation=&#8221;center&#8221; max_width=&#8221;60%&#8221; module_alignment=&#8221;right&#8221; custom_margin=&#8221;0px|0px||0px|false|false&#8221; custom_padding=&#8221;0px|0px||21px|false|false&#8221; global_colors_info=&#8221;{}&#8221; button_bg_color__hover_enabled=&#8221;on|hover&#8221; button_bg_color__hover=&#8221;#efdf00&#8243; button_bg_enable_color__hover=&#8221;on&#8221;][et_pb_contact_field field_id=&#8221;Name&#8221; field_title=&#8221;\u0406\u043c&#8217;\u044f \u043f\u0440\u0456\u0437\u0432\u0438\u0449\u0435&#8221; fullwidth_field=&#8221;on&#8221; _builder_version=&#8221;4.9.7&#8243; global_colors_info=&#8221;{}&#8221; button_text_size__hover_enabled=&#8221;off&#8221; button_one_text_size__hover_enabled=&#8221;off&#8221; button_two_text_size__hover_enabled=&#8221;off&#8221; button_text_color__hover_enabled=&#8221;off&#8221; button_one_text_color__hover_enabled=&#8221;off&#8221; button_two_text_color__hover_enabled=&#8221;off&#8221; button_border_width__hover_enabled=&#8221;off&#8221; button_one_border_width__hover_enabled=&#8221;off&#8221; button_two_border_width__hover_enabled=&#8221;off&#8221; button_border_color__hover_enabled=&#8221;off&#8221; button_one_border_color__hover_enabled=&#8221;off&#8221; button_two_border_color__hover_enabled=&#8221;off&#8221; button_border_radius__hover_enabled=&#8221;off&#8221; button_one_border_radius__hover_enabled=&#8221;off&#8221; button_two_border_radius__hover_enabled=&#8221;off&#8221; button_letter_spacing__hover_enabled=&#8221;off&#8221; button_one_letter_spacing__hover_enabled=&#8221;off&#8221; button_two_letter_spacing__hover_enabled=&#8221;off&#8221; button_bg_color__hover_enabled=&#8221;off&#8221; button_one_bg_color__hover_enabled=&#8221;off&#8221; button_two_bg_color__hover_enabled=&#8221;off&#8221;][\/et_pb_contact_field][et_pb_contact_field field_id=&#8221;Email&#8221; field_title=&#8221;\u0410\u0434\u0440\u0435\u0441\u0430 \u0435\u043b\u0435\u043a\u0442\u0440\u043e\u043d\u043d\u043e\u0457 \u043f\u043e\u0448\u0442\u0438&#8221; field_type=&#8221;email&#8221; fullwidth_field=&#8221;on&#8221; _builder_version=&#8221;4.9.7&#8243; global_colors_info=&#8221;{}&#8221; button_text_size__hover_enabled=&#8221;off&#8221; button_one_text_size__hover_enabled=&#8221;off&#8221; button_two_text_size__hover_enabled=&#8221;off&#8221; button_text_color__hover_enabled=&#8221;off&#8221; button_one_text_color__hover_enabled=&#8221;off&#8221; button_two_text_color__hover_enabled=&#8221;off&#8221; button_border_width__hover_enabled=&#8221;off&#8221; button_one_border_width__hover_enabled=&#8221;off&#8221; button_two_border_width__hover_enabled=&#8221;off&#8221; button_border_color__hover_enabled=&#8221;off&#8221; button_one_border_color__hover_enabled=&#8221;off&#8221; button_two_border_color__hover_enabled=&#8221;off&#8221; button_border_radius__hover_enabled=&#8221;off&#8221; button_one_border_radius__hover_enabled=&#8221;off&#8221; button_two_border_radius__hover_enabled=&#8221;off&#8221; button_letter_spacing__hover_enabled=&#8221;off&#8221; button_one_letter_spacing__hover_enabled=&#8221;off&#8221; button_two_letter_spacing__hover_enabled=&#8221;off&#8221; button_bg_color__hover_enabled=&#8221;off&#8221; button_one_bg_color__hover_enabled=&#8221;off&#8221; button_two_bg_color__hover_enabled=&#8221;off&#8221;][\/et_pb_contact_field][et_pb_contact_field field_id=&#8221;Message&#8221; field_title=&#8221;\u043f\u043e\u0432\u0456\u0434\u043e\u043c\u043b\u0435\u043d\u043d\u044f&#8221; field_type=&#8221;text&#8221; fullwidth_field=&#8221;on&#8221; _builder_version=&#8221;3.16&#8243; global_colors_info=&#8221;{}&#8221; button_text_size__hover_enabled=&#8221;off&#8221; button_one_text_size__hover_enabled=&#8221;off&#8221; button_two_text_size__hover_enabled=&#8221;off&#8221; button_text_color__hover_enabled=&#8221;off&#8221; button_one_text_color__hover_enabled=&#8221;off&#8221; button_two_text_color__hover_enabled=&#8221;off&#8221; button_border_width__hover_enabled=&#8221;off&#8221; button_one_border_width__hover_enabled=&#8221;off&#8221; button_two_border_width__hover_enabled=&#8221;off&#8221; button_border_color__hover_enabled=&#8221;off&#8221; button_one_border_color__hover_enabled=&#8221;off&#8221; button_two_border_color__hover_enabled=&#8221;off&#8221; button_border_radius__hover_enabled=&#8221;off&#8221; button_one_border_radius__hover_enabled=&#8221;off&#8221; button_two_border_radius__hover_enabled=&#8221;off&#8221; button_letter_spacing__hover_enabled=&#8221;off&#8221; button_one_letter_spacing__hover_enabled=&#8221;off&#8221; button_two_letter_spacing__hover_enabled=&#8221;off&#8221; button_bg_color__hover_enabled=&#8221;off&#8221; button_one_bg_color__hover_enabled=&#8221;off&#8221; button_two_bg_color__hover_enabled=&#8221;off&#8221;][\/et_pb_contact_field][\/et_pb_contact_form][\/et_pb_column][\/et_pb_row][\/et_pb_section]<\/p>\n","protected":false},"excerpt":{"rendered":"<p>\u041d\u041e\u0412\u0418\u041d\u0418\u0428\u0443\u043a\u0430\u0442\u0438 \u043d\u0430 \u0441\u0430\u0439\u0442\u0456 &#8230;\u041f\u0435\u0440\u0435\u0432\u0456\u0440\u0442\u0435 \u043d\u0430\u0441 \u043d\u0430:\u043f\u0440\u0435\u0441\u0430 \u043f\u0440\u043e \u043d\u0430\u0441\u041a\u041e\u041d\u0422\u0410\u041a\u0422 Spartaqs Sp. z o.o. Zygmunta Krasinskiego 29\/9 40-019 Katowice E-mail: biuro@spartaqs.com \u041f\u043e\u0434\u0437\u0432\u043e\u043d\u0438:+48 533- 232-575 \u041d\u041e\u0412\u0418\u041d\u0418\u041a\u041e\u041d\u0422\u0410\u041a\u0422\u041d\u0418\u0419 \u0424\u041e\u0420\u041c\u0423\u041b\u042f\u0420<\/p>\n","protected":false},"author":1,"featured_media":0,"parent":0,"menu_order":0,"comment_status":"closed","ping_status":"closed","template":"","meta":{"_et_pb_use_builder":"on","_et_pb_old_content":"","_et_gb_content_width":"","om_disable_all_campaigns":false,"_monsterinsights_skip_tracking":false,"_monsterinsights_sitenote_active":false,"_monsterinsights_sitenote_note":"","_monsterinsights_sitenote_category":0,"_uf_show_specific_survey":0,"_uf_disable_surveys":false,"footnotes":""},"class_list":["post-15838","page","type-page","status-publish","hentry"],"aioseo_notices":[],"_links":{"self":[{"href":"https:\/\/spartaqs.com\/uk\/wp-json\/wp\/v2\/pages\/15838","targetHints":{"allow":["GET"]}}],"collection":[{"href":"https:\/\/spartaqs.com\/uk\/wp-json\/wp\/v2\/pages"}],"about":[{"href":"https:\/\/spartaqs.com\/uk\/wp-json\/wp\/v2\/types\/page"}],"author":[{"embeddable":true,"href":"https:\/\/spartaqs.com\/uk\/wp-json\/wp\/v2\/users\/1"}],"replies":[{"embeddable":true,"href":"https:\/\/spartaqs.com\/uk\/wp-json\/wp\/v2\/comments?post=15838"}],"version-history":[{"count":67,"href":"https:\/\/spartaqs.com\/uk\/wp-json\/wp\/v2\/pages\/15838\/revisions"}],"predecessor-version":[{"id":24499,"href":"https:\/\/spartaqs.com\/uk\/wp-json\/wp\/v2\/pages\/15838\/revisions\/24499"}],"wp:attachment":[{"href":"https:\/\/spartaqs.com\/uk\/wp-json\/wp\/v2\/media?parent=15838"}],"curies":[{"name":"wp","href":"https:\/\/api.w.org\/{rel}","templated":true}]}}