{"id":14254,"date":"2019-04-02T20:03:55","date_gmt":"2019-04-02T18:03:55","guid":{"rendered":"http:\/\/nowa.spartaqs.com\/dronoidy-pro-ozbrojene-slozky\/"},"modified":"2022-04-26T17:49:32","modified_gmt":"2022-04-26T15:49:32","slug":"dronoidy-pro-ozbrojene-slozky","status":"publish","type":"page","link":"https:\/\/spartaqs.com\/cs\/dronoidy-pro-ozbrojene-slozky\/","title":{"rendered":"Dronoidy pro ozbrojen\u00e9 slo\u017eky"},"content":{"rendered":"<p>[et_pb_section fb_built=&#8221;1&#8243; _builder_version=&#8221;4.14.8&#8243; background_color=&#8221;rgba(0,0,0,0.45)&#8221; background_image=&#8221;https:\/\/spartaqs.com\/wp-content\/uploads\/2016\/05\/Dzialania_ze_StrazaGraniczna_NowySacz_SpartaqsDrony2.jpg&#8221; background_blend=&#8221;overlay&#8221; custom_margin=&#8221;||&#8221; custom_padding=&#8221;100px||100px&#8221; global_colors_info=&#8221;{}&#8221;][et_pb_row _builder_version=&#8221;3.25&#8243; global_colors_info=&#8221;{}&#8221;][et_pb_column type=&#8221;4_4&#8243; _builder_version=&#8221;3.25&#8243; custom_padding=&#8221;|||&#8221; global_colors_info=&#8221;{}&#8221; custom_padding__hover=&#8221;|||&#8221;][et_pb_text _builder_version=&#8221;4.14.8&#8243; header_font=&#8221;|700|||||||&#8221; header_text_color=&#8221;#ffffff&#8221; header_font_size=&#8221;42px&#8221; hover_enabled=&#8221;0&#8243; header_font_size_tablet=&#8221;&#8221; header_font_size_phone=&#8221;20px&#8221; header_font_size_last_edited=&#8221;on|tablet&#8221; global_colors_info=&#8221;{}&#8221; sticky_enabled=&#8221;0&#8243;]<\/p>\n<h1 style=\"text-align: center;\">DRONOIDY PRO OZBROJEN\u00c9 SLO\u017dKY<\/h1>\n<p>[\/et_pb_text][\/et_pb_column][\/et_pb_row][\/et_pb_section][et_pb_section fb_built=&#8221;1&#8243; _builder_version=&#8221;4.14.8&#8243; background_color=&#8221;#e8e8e8&#8243; custom_padding=&#8221;26px|0px|0|0px|false|false&#8221; global_colors_info=&#8221;{}&#8221;][et_pb_row column_structure=&#8221;3_5,2_5&#8243; _builder_version=&#8221;4.14.8&#8243; module_alignment=&#8221;center&#8221; global_colors_info=&#8221;{}&#8221;][et_pb_column type=&#8221;3_5&#8243; _builder_version=&#8221;3.25&#8243; custom_padding=&#8221;|||&#8221; global_colors_info=&#8221;{}&#8221; custom_padding__hover=&#8221;|||&#8221;][et_pb_text _builder_version=&#8221;4.14.8&#8243; header_font=&#8221;||||||||&#8221; header_font_size=&#8221;36px&#8221; custom_padding=&#8221;||50px||false|false&#8221; animation_style=&#8221;slide&#8221; animation_direction=&#8221;bottom&#8221; hover_enabled=&#8221;0&#8243; global_colors_info=&#8221;{}&#8221; text_font_size_last_edited=&#8221;on|phone&#8221; text_font_size_phone=&#8221;12px&#8221; sticky_enabled=&#8221;0&#8243;]<\/p>\n<p style=\"text-align: justify;\">Podle hesla Spartaqs \u201eBezpe\u010dnost bez kompromis\u016f\u201c chceme, aby byly dronoidy pou\u017e\u00edv\u00e1ny s nejvy\u0161\u0161\u00edmi bezpe\u010dnostn\u00edmi standardy.<br \/>Mysl\u00edme na bezpe\u010dnost jak pro oper\u00e1tory syst\u00e9mu, tak pro t\u0159et\u00ed strany, kter\u00e9 mohou b\u00fdt v z\u00f3n\u011b jeho provozu.<\/p>\n<p style=\"text-align: justify;\">Na zvl\u00e1\u0161tn\u00ed \u017e\u00e1dost ozbrojen\u00fdch slo\u017eek m\u016f\u017ee firma Spartaqs zkonstruovat specializovan\u00e9 dronoidy.<br \/>Po odesl\u00e1n\u00ed popt\u00e1vky opr\u00e1vn\u011bnou osobou na adresu:<a class=\"mailto-link\" href=\"mailto:biuro@spartaqs.com\" target=\"_blank\" rel=\"noopener noreferrer\"><span class=\"\">biuro@spartaqs.com<\/span><\/a> ji podrob\u00edme d\u016fkladn\u00e9 anal\u00fdze a pot\u00e9 p\u0159edlo\u017e\u00edme nab\u00eddku \u0161itou na m\u00edru va\u0161im konkr\u00e9tn\u00edm pot\u0159eb\u00e1m.<\/p>\n<p style=\"text-align: justify;\">V \u017e\u00e1dosti o cenovou nab\u00eddku uve\u010fte:<\/p>\n<ul class=\"\" style=\"text-align: justify;\">\n<li class=\"\">definici z\u00e1kladn\u00edch p\u0159edpoklad\u016f fungov\u00e1n\u00ed syst\u00e9mu,<\/li>\n<li class=\"\">definici v\u0161ech p\u0159\u00edslu\u0161n\u00fdch podm\u00ednek,<\/li>\n<li class=\"\">definici pot\u0159eb a o\u010dek\u00e1van\u00e9 funk\u010dnosti syst\u00e9mu,<\/li>\n<\/ul>\n<p style=\"text-align: justify;\">Vyhrazujeme si pr\u00e1vo odstoupit od p\u0159edlo\u017een\u00ed nab\u00eddky v\u011bnovan\u00e9 ozbrojen\u00fdm slo\u017ek\u00e1m v p\u0159\u00edpad\u011b, \u017ee Spartaqs nem\u016f\u017ee prov\u00e9st objedn\u00e1vku z pr\u00e1vn\u00edch nebo technologick\u00fdch d\u016fvod\u016f.<\/p>\n<p style=\"text-align: justify;\">Zveme v\u00e1s ke spolupr\u00e1ci a p\u0159edlo\u017een\u00ed dotaz\u016f. R\u00e1di zodpov\u00edme Va\u0161e dotazy a poskytneme odborn\u00e9 poradenstv\u00ed a pomoc pro p\u0159edlo\u017een\u00ed nab\u00eddky, kter\u00e1 dokonale vyhovuje va\u0161im pot\u0159eb\u00e1m.<\/p>\n<p>[\/et_pb_text][\/et_pb_column][et_pb_column type=&#8221;2_5&#8243; _builder_version=&#8221;4.14.8&#8243; background_color=&#8221;#fbd11d&#8221; custom_padding=&#8221;|||&#8221; animation_style=&#8221;slide&#8221; animation_direction=&#8221;right&#8221; global_colors_info=&#8221;{}&#8221; custom_padding__hover=&#8221;|||&#8221;][et_pb_login title=&#8221;Panel logowania&#8221; current_page_redirect=&#8221;on&#8221; module_class=&#8221;contactFormButton&#8221; _builder_version=&#8221;4.14.8&#8243; _module_preset=&#8221;default&#8221; header_font=&#8221;|||on|||||&#8221; header_text_color=&#8221;#000000&#8243; body_text_color=&#8221;#000000&#8243; body_link_text_color=&#8221;#0c71c3&#8243; background_color=&#8221;#FBD11D&#8221; custom_button=&#8221;on&#8221; button_border_width=&#8221;2px&#8221; button_border_color=&#8221;#000000&#8243; button_custom_margin=&#8221;||10px||false|false&#8221; button_custom_padding=&#8221;||||false|false&#8221; module_alignment=&#8221;center&#8221; custom_margin=&#8221;||0px||false|false&#8221; custom_margin_tablet=&#8221;|0px||0px|false|false&#8221; custom_margin_phone=&#8221;|0px||0px|false|false&#8221; custom_margin_last_edited=&#8221;on|desktop&#8221; custom_padding=&#8221;||0px||false|false&#8221; custom_padding_tablet=&#8221;||20px||false|false&#8221; custom_padding_phone=&#8221;||20px||false|false&#8221; custom_padding_last_edited=&#8221;on|desktop&#8221; animation_direction=&#8221;right&#8221; hover_enabled=&#8221;0&#8243; module_alignment_tablet=&#8221;center&#8221; module_alignment_phone=&#8221;center&#8221; module_alignment_last_edited=&#8221;on|tablet&#8221; global_colors_info=&#8221;{}&#8221; body_link_font_size__hover_enabled=&#8221;on|hover&#8221; body_link_font_size__hover=&#8221;16px&#8221; header_font_size_last_edited=&#8221;on|phone&#8221; header_font_size_phone=&#8221;20px&#8221; body_font_size_last_edited=&#8221;on|phone&#8221; body_font_size_phone=&#8221;12px&#8221; form_field_font_size_last_edited=&#8221;on|phone&#8221; form_field_font_size_phone=&#8221;10px&#8221; button_text_size_last_edited=&#8221;on|phone&#8221; button_text_size_phone=&#8221;12px&#8221; sticky_enabled=&#8221;0&#8243;]<\/p>\n<p>Ze wzgl\u0119du na poufno\u015b\u0107 danych, dotycz\u0105cych specyfikacji dronoid\u00f3w przeznaczonych do cel\u00f3w militarnych &#8211; wymagane jest logowanie u\u017cytkownika.<\/p>\n<p>W przypadku problem\u00f3w z logowaniem prosimy o kontakt <strong><a href=\"https:\/\/spartaqs.com\/cs\/kontakt\/\">TUTAJ<\/a><\/strong><\/p>\n<p>[\/et_pb_login][et_pb_code _builder_version=&#8221;4.14.8&#8243; _module_preset=&#8221;default&#8221; module_alignment=&#8221;center&#8221; custom_margin=&#8221;0px||0px||false|false&#8221; custom_padding=&#8221;0px||0px||false|false&#8221; global_colors_info=&#8221;{}&#8221;]<p><!-- &#091;et_pb_line_break_holder&#093; -->[et_pb_section global_module=\"20561 \"][\/et_pb_section]<!-- &#091;et_pb_line_break_holder&#093; --><\/p>\n[\/et_pb_code][et_pb_code _builder_version=&#8221;4.14.8&#8243; _module_preset=&#8221;default&#8221; background_color=&#8221;#fbd11d&#8221; z_index=&#8221;1&#8243; custom_margin=&#8221;0px||0px||false|true&#8221; custom_padding=&#8221;0px||0px||true|false&#8221; animation_direction=&#8221;right&#8221; global_colors_info=&#8221;{}&#8221; custom_padding__hover_enabled=&#8221;off|desktop&#8221;]<center><!-- [et_pb_line_break_holder] -->  <!-- [et_pb_line_break_holder] --><\/center>[\/et_pb_code][\/et_pb_column][\/et_pb_row][\/et_pb_section][et_pb_section fb_built=&#8221;1&#8243; _builder_version=&#8221;4.7.4&#8243; _module_preset=&#8221;default&#8221; width=&#8221;100%&#8221; max_width=&#8221;2560px&#8221; custom_margin=&#8221;2px|||||&#8221; custom_padding=&#8221;0px||0px||true|&#8221; box_shadow_style=&#8221;preset6&#8243; box_shadow_position=&#8221;outer&#8221; global_module=&#8221;12697&#8243; saved_tabs=&#8221;all&#8221; global_colors_info=&#8221;{}&#8221;][et_pb_row _builder_version=&#8221;4.7.4&#8243; _module_preset=&#8221;default&#8221; width=&#8221;100%&#8221; max_width=&#8221;2560px&#8221; global_colors_info=&#8221;{}&#8221;][et_pb_column type=&#8221;4_4&#8243; _builder_version=&#8221;4.6.6&#8243; _module_preset=&#8221;default&#8221; global_colors_info=&#8221;{}&#8221;][et_pb_text _builder_version=&#8221;4.7.4&#8243; _module_preset=&#8221;default&#8221; animation_style=&#8221;slide&#8221; animation_duration=&#8221;1100ms&#8221; global_colors_info=&#8221;{}&#8221;]<\/p>\n<h2 style=\"text-align: center;\"><strong><\/strong><\/h2>\n<h2 style=\"text-align: center;\"><strong><\/strong><\/h2>\n<h2 style=\"text-align: center;\"><strong>PARTNE\u0158I<\/strong><\/h2>\n<p><strong><\/strong><\/p>\n<p>[\/et_pb_text][dica_divi_carousel item_width_auto=&#8221;on&#8221; item_width=&#8221;250px&#8221; item_width_tablet=&#8221;&#8221; item_width_phone=&#8221;190px&#8221; item_width_last_edited=&#8221;on|phone&#8221; loop=&#8221;on&#8221; autoplay=&#8221;on&#8221; hoverpause=&#8221;on&#8221; scroller_effect=&#8221;on&#8221; transition_duration_scroll=&#8221;5000&#8243; equal_height=&#8221;on&#8221; advanced_effect=&#8221;1&#8243; arrow_position=&#8221;middle-outside&#8221; arrow_show_hover=&#8221;on&#8221; _builder_version=&#8221;4.7.4&#8243; _module_preset=&#8221;default&#8221; width=&#8221;100%&#8221; max_width=&#8221;2560px&#8221; custom_padding=&#8221;|||0px||&#8221; global_colors_info=&#8221;{}&#8221;][dica_divi_carouselitem button_url_new_window=&#8221;1&#8243; image=&#8221;https:\/\/spartaqs.com\/wp-content\/uploads\/2020\/11\/psk_logo_wielkosc_krytyczna.png&#8221; image_padding=&#8221;0px||0px||false|false&#8221; content_padding=&#8221;0px||0px||false|false&#8221; button_margin=&#8221;0px||0px||false|false&#8221; button_padding=&#8221;0px||0px||false|false&#8221; custom_margin=&#8221;20px|0px||20px|false|false&#8221; _builder_version=&#8221;4.7.4&#8243; _module_preset=&#8221;default&#8221; child_filter_saturate=&#8221;0%&#8221; child_filter_opacity=&#8221;72%&#8221; global_colors_info=&#8221;{}&#8221;][\/dica_divi_carouselitem][dica_divi_carouselitem button_url_new_window=&#8221;1&#8243; image=&#8221;http:\/\/spartaqs.com\/wp-content\/uploads\/2020\/11\/TK_logo_2016-e1606335288305.jpg&#8221; image_padding=&#8221;0px||0px||false|false&#8221; content_padding=&#8221;0px||0px||false|false&#8221; button_margin=&#8221;0px||0px||false|false&#8221; button_padding=&#8221;0px||0px||false|false&#8221; custom_margin=&#8221;0px|0px|0px|25px|false|false&#8221; _builder_version=&#8221;4.7.4&#8243; _module_preset=&#8221;default&#8221; child_filter_saturate=&#8221;0%&#8221; child_filter_opacity=&#8221;61%&#8221; global_colors_info=&#8221;{}&#8221;][\/dica_divi_carouselitem][dica_divi_carouselitem button_url_new_window=&#8221;1&#8243; image=&#8221;http:\/\/spartaqs.com\/wp-content\/uploads\/2019\/04\/Skillforce.png&#8221; custom_margin=&#8221;|50px||25px|false|false&#8221; _builder_version=&#8221;4.6.6&#8243; _module_preset=&#8221;default&#8221; global_colors_info=&#8221;{}&#8221;][\/dica_divi_carouselitem][dica_divi_carouselitem button_url_new_window=&#8221;1&#8243; image=&#8221;http:\/\/spartaqs.com\/wp-content\/uploads\/2018\/05\/space_forest.png&#8221; _builder_version=&#8221;4.6.6&#8243; _module_preset=&#8221;default&#8221; global_colors_info=&#8221;{}&#8221;][\/dica_divi_carouselitem][dica_divi_carouselitem button_url_new_window=&#8221;1&#8243; image=&#8221;http:\/\/spartaqs.com\/wp-content\/uploads\/2018\/05\/parada_robotow-e1603884558128.png&#8221; _builder_version=&#8221;4.6.6&#8243; _module_preset=&#8221;default&#8221; global_colors_info=&#8221;{}&#8221;][\/dica_divi_carouselitem][dica_divi_carouselitem button_url_new_window=&#8221;1&#8243; image=&#8221;http:\/\/spartaqs.com\/wp-content\/uploads\/2018\/05\/nearspace.png&#8221; _builder_version=&#8221;4.6.6&#8243; _module_preset=&#8221;default&#8221; global_colors_info=&#8221;{}&#8221;][\/dica_divi_carouselitem][dica_divi_carouselitem button_url_new_window=&#8221;1&#8243; image=&#8221;http:\/\/spartaqs.com\/wp-content\/uploads\/2018\/05\/Micro_macro.png&#8221; _builder_version=&#8221;4.6.6&#8243; _module_preset=&#8221;default&#8221; global_colors_info=&#8221;{}&#8221;][\/dica_divi_carouselitem][dica_divi_carouselitem button_url_new_window=&#8221;1&#8243; image=&#8221;http:\/\/spartaqs.com\/wp-content\/uploads\/2018\/05\/iLOT.png&#8221; _builder_version=&#8221;4.6.6&#8243; _module_preset=&#8221;default&#8221; global_colors_info=&#8221;{}&#8221;][\/dica_divi_carouselitem][dica_divi_carouselitem button_url_new_window=&#8221;1&#8243; image=&#8221;http:\/\/spartaqs.com\/wp-content\/uploads\/2018\/05\/aerobits.png&#8221; _builder_version=&#8221;4.6.6&#8243; _module_preset=&#8221;default&#8221; global_colors_info=&#8221;{}&#8221;][\/dica_divi_carouselitem][\/dica_divi_carousel][\/et_pb_column][\/et_pb_row][\/et_pb_section][et_pb_section fb_built=&#8221;1&#8243; module_class=&#8221;two-columns&#8221; _builder_version=&#8221;4.9.9&#8243; _module_preset=&#8221;default&#8221; background_color=&#8221;#000000&#8243; min_height=&#8221;516px&#8221; custom_margin=&#8221;7px|||||&#8221; custom_padding=&#8221;33px||32px|||&#8221; background_last_edited=&#8221;on|desktop&#8221; box_shadow_style=&#8221;preset1&#8243; box_shadow_color=&#8221;#000000&#8243; global_module=&#8221;12836&#8243; saved_tabs=&#8221;all&#8221; global_colors_info=&#8221;{}&#8221; custom_padding__hover_enabled=&#8221;on|desktop&#8221; custom_padding__hover=&#8221;33px||32px|||&#8221;][et_pb_row column_structure=&#8221;1_4,1_4,1_2&#8243; _builder_version=&#8221;4.6.6&#8243; _module_preset=&#8221;default&#8221; custom_margin=&#8221;|auto|-4px|auto||&#8221; animation_style=&#8221;slide&#8221; animation_direction=&#8221;bottom&#8221; animation_duration=&#8221;1150ms&#8221; animation_delay=&#8221;550ms&#8221; global_colors_info=&#8221;{}&#8221;][et_pb_column type=&#8221;1_4&#8243; _builder_version=&#8221;4.6.6&#8243; _module_preset=&#8221;default&#8221; global_colors_info=&#8221;{}&#8221;][et_pb_text _builder_version=&#8221;4.7.4&#8243; _module_preset=&#8221;default&#8221; text_font=&#8221;|600|||||||&#8221; text_text_color=&#8221;#ffffff&#8221; text_font_size=&#8221;21px&#8221; text_font_size_tablet=&#8221;&#8221; text_font_size_phone=&#8221;16px&#8221; text_font_size_last_edited=&#8221;on|phone&#8221; global_colors_info=&#8221;{}&#8221;]<\/p>\n<p style=\"text-align: left;\">KONTAKT<\/p>\n<p>[\/et_pb_text][et_pb_text _builder_version=&#8221;4.7.4&#8243; _module_preset=&#8221;default&#8221; text_text_color=&#8221;#ffffff&#8221; text_font_size=&#8221;15px&#8221; link_text_color=&#8221;#f9cc00&#8243; background_layout=&#8221;dark&#8221; text_font_size_tablet=&#8221;&#8221; text_font_size_phone=&#8221;12px&#8221; text_font_size_last_edited=&#8221;on|phone&#8221; global_colors_info=&#8221;{}&#8221;]<\/p>\n<h3 class=\"widget-title\"><\/h3>\n<div class=\"infor-inner\">\n<p class=\"heding\">Spartaqs Sp. z o.o.<br \/> Zygmunta Krasi\u0144skiego 29\/9<br \/> 40-019 Katowice<\/p>\n<p class=\"heding\">\n<\/div>\n<div class=\"infor-inner\">\n<p class=\"heding\"><a href=\"mailto:biuro@spartaqs.com\"><\/a><\/p>\n<p class=\"heding\">\n<\/div>\n<div class=\"infor-inner\">\n<p class=\"heding\">E-mail:<br \/> <a href=\"mailto:biuro@spartaqs.com\">biuro@spartaqs.com<\/a><\/p>\n<p class=\"heding\"><span>Zavolej mi:<br \/><\/span>+48 533- 232-575<\/p>\n<\/div>\n<p>[\/et_pb_text][\/et_pb_column][et_pb_column type=&#8221;1_4&#8243; _builder_version=&#8221;4.6.6&#8243; _module_preset=&#8221;default&#8221; global_colors_info=&#8221;{}&#8221;][et_pb_text _builder_version=&#8221;4.6.6&#8243; _module_preset=&#8221;default&#8221; text_font=&#8221;|600|||||||&#8221; text_text_color=&#8221;#ffffff&#8221; text_font_size=&#8221;21px&#8221; text_font_size_tablet=&#8221;&#8221; text_font_size_phone=&#8221;16px&#8221; text_font_size_last_edited=&#8221;on|phone&#8221; global_colors_info=&#8221;{}&#8221;]<\/p>\n<p style=\"text-align: left;\"><strong>ZPR\u00c1VY<\/strong><\/p>\n<p>[\/et_pb_text][et_pb_blog posts_number=&#8221;1&#8243; include_categories=&#8221;4&#8243; use_manual_excerpt=&#8221;off&#8221; excerpt_length=&#8221;0&#8243; show_more=&#8221;on&#8221; show_author=&#8221;off&#8221; show_categories=&#8221;off&#8221; show_excerpt=&#8221;off&#8221; show_pagination=&#8221;off&#8221; _builder_version=&#8221;4.14.8&#8243; _module_preset=&#8221;default&#8221; header_font=&#8221;Poppins|600|||||||&#8221; header_text_align=&#8221;left&#8221; header_font_size=&#8221;15px&#8221; header_line_height=&#8221;1.5em&#8221; body_font=&#8221;||||||||&#8221; body_text_align=&#8221;left&#8221; body_text_color=&#8221;#e8c500&#8243; body_font_size=&#8221;15px&#8221; background_layout=&#8221;dark&#8221; width_tablet=&#8221;&#8221; width_phone=&#8221;&#8221; width_last_edited=&#8221;on|phone&#8221; max_width_tablet=&#8221;&#8221; max_width_phone=&#8221;&#8221; max_width_last_edited=&#8221;on|phone&#8221; module_alignment=&#8221;center&#8221; animation_style=&#8221;slide&#8221; animation_duration=&#8221;800ms&#8221; header_font_size_tablet=&#8221;&#8221; header_font_size_phone=&#8221;13px&#8221; header_font_size_last_edited=&#8221;on|phone&#8221; body_font_size_tablet=&#8221;&#8221; body_font_size_phone=&#8221;12px&#8221; body_font_size_last_edited=&#8221;on|phone&#8221; meta_font_size_tablet=&#8221;10px&#8221; meta_font_size_phone=&#8221;&#8221; meta_font_size_last_edited=&#8221;on|tablet&#8221; global_colors_info=&#8221;{}&#8221; show_more__hover_enabled=&#8221;off|hover&#8221; body_font_size__hover_enabled=&#8221;on|hover&#8221; body_font_size__hover=&#8221;18px&#8221; body_text_color__hover_enabled=&#8221;on|hover&#8221; body_text_color__hover=&#8221;#D8B60F&#8221;][\/et_pb_blog][\/et_pb_column][et_pb_column type=&#8221;1_2&#8243; _builder_version=&#8221;4.6.6&#8243; _module_preset=&#8221;default&#8221; global_colors_info=&#8221;{}&#8221;][et_pb_text disabled_on=&#8221;on|on|off&#8221; _builder_version=&#8221;4.7.0&#8243; _module_preset=&#8221;default&#8221; text_text_color=&#8221;#ffffff&#8221; text_font_size=&#8221;21px&#8221; text_line_height=&#8221;1.1em&#8221; global_colors_info=&#8221;{}&#8221;]<\/p>\n<p style=\"text-align: right;\"><strong>KONTAKTN\u00cd FORMUL\u00c1\u0158<\/strong><\/p>\n<p>[\/et_pb_text][et_pb_contact_form use_spam_service=&#8221;on&#8221; recaptcha_list=&#8221;Spartaqs|Spartaqs-0&#8243; recaptcha_min_score=&#8221;0.8&#8243; email=&#8221;biuro@spartaqs.com&#8221; custom_message=&#8221;Wys\u0142ano wiadomo\u015b\u0107 za po\u015brednictwem formularza kontaktowego!||et_pb_line_break_holder||||et_pb_line_break_holder||Adres strony &#8211; spartaqs.com||et_pb_line_break_holder||Formularz &#8211; stopka||et_pb_line_break_holder||||et_pb_line_break_holder||Nadawca &#8211; %%name%%||et_pb_line_break_holder||Adres e-mail &#8211; %%email%%||et_pb_line_break_holder||Tel. kom. &#8211; %%telefon%%||et_pb_line_break_holder||||et_pb_line_break_holder||Tre\u015b\u0107 wiadomo\u015bci:||et_pb_line_break_holder||%%Message%%&#8221; submit_button_text=&#8221;Poslat&#8221; title_last_edited=&#8221;off|desktop&#8221; submit_button_text_last_edited=&#8221;off|desktop&#8221; disabled_on=&#8221;on|on|off&#8221; _builder_version=&#8221;4.14.8&#8243; _module_preset=&#8221;default&#8221; _unique_id=&#8221;02ca3369-be5a-4f5a-8f2d-4663711b2f47&#8243; form_field_background_color=&#8221;#ffffff&#8221; form_field_focus_text_color=&#8221;#000000&#8243; captcha_font=&#8221;||||||||&#8221; captcha_text_color=&#8221;#ffffff&#8221; captcha_font_size=&#8221;17px&#8221; captcha_letter_spacing=&#8221;1px&#8221; captcha_line_height=&#8221;1.1em&#8221; form_field_text_align=&#8221;right&#8221; custom_button=&#8221;on&#8221; button_text_color=&#8221;#ffffff&#8221; text_orientation=&#8221;center&#8221; max_width=&#8221;60%&#8221; module_alignment=&#8221;right&#8221; custom_margin=&#8221;0px|0px||0px|false|false&#8221; custom_padding=&#8221;0px|0px||21px|false|false&#8221; global_colors_info=&#8221;{}&#8221; button_bg_color__hover_enabled=&#8221;on|hover&#8221; button_bg_color__hover=&#8221;#efdf00&#8243; button_bg_enable_color__hover=&#8221;on&#8221;][et_pb_contact_field field_id=&#8221;Name&#8221; field_title=&#8221;Jm\u00e9no a P\u0159\u00edjmen\u00ed&#8221; fullwidth_field=&#8221;on&#8221; _builder_version=&#8221;4.9.7&#8243; global_colors_info=&#8221;{}&#8221; button_text_size__hover_enabled=&#8221;off&#8221; button_one_text_size__hover_enabled=&#8221;off&#8221; button_two_text_size__hover_enabled=&#8221;off&#8221; button_text_color__hover_enabled=&#8221;off&#8221; button_one_text_color__hover_enabled=&#8221;off&#8221; button_two_text_color__hover_enabled=&#8221;off&#8221; button_border_width__hover_enabled=&#8221;off&#8221; button_one_border_width__hover_enabled=&#8221;off&#8221; button_two_border_width__hover_enabled=&#8221;off&#8221; button_border_color__hover_enabled=&#8221;off&#8221; button_one_border_color__hover_enabled=&#8221;off&#8221; button_two_border_color__hover_enabled=&#8221;off&#8221; button_border_radius__hover_enabled=&#8221;off&#8221; button_one_border_radius__hover_enabled=&#8221;off&#8221; button_two_border_radius__hover_enabled=&#8221;off&#8221; button_letter_spacing__hover_enabled=&#8221;off&#8221; button_one_letter_spacing__hover_enabled=&#8221;off&#8221; button_two_letter_spacing__hover_enabled=&#8221;off&#8221; button_bg_color__hover_enabled=&#8221;off&#8221; button_one_bg_color__hover_enabled=&#8221;off&#8221; button_two_bg_color__hover_enabled=&#8221;off&#8221;][\/et_pb_contact_field][et_pb_contact_field field_id=&#8221;Email&#8221; field_title=&#8221;Emailov\u00e1 adresa&#8221; field_type=&#8221;email&#8221; fullwidth_field=&#8221;on&#8221; _builder_version=&#8221;4.9.7&#8243; global_colors_info=&#8221;{}&#8221; button_text_size__hover_enabled=&#8221;off&#8221; button_one_text_size__hover_enabled=&#8221;off&#8221; button_two_text_size__hover_enabled=&#8221;off&#8221; button_text_color__hover_enabled=&#8221;off&#8221; button_one_text_color__hover_enabled=&#8221;off&#8221; button_two_text_color__hover_enabled=&#8221;off&#8221; button_border_width__hover_enabled=&#8221;off&#8221; button_one_border_width__hover_enabled=&#8221;off&#8221; button_two_border_width__hover_enabled=&#8221;off&#8221; button_border_color__hover_enabled=&#8221;off&#8221; button_one_border_color__hover_enabled=&#8221;off&#8221; button_two_border_color__hover_enabled=&#8221;off&#8221; button_border_radius__hover_enabled=&#8221;off&#8221; button_one_border_radius__hover_enabled=&#8221;off&#8221; button_two_border_radius__hover_enabled=&#8221;off&#8221; button_letter_spacing__hover_enabled=&#8221;off&#8221; button_one_letter_spacing__hover_enabled=&#8221;off&#8221; button_two_letter_spacing__hover_enabled=&#8221;off&#8221; button_bg_color__hover_enabled=&#8221;off&#8221; button_one_bg_color__hover_enabled=&#8221;off&#8221; button_two_bg_color__hover_enabled=&#8221;off&#8221;][\/et_pb_contact_field][et_pb_contact_field field_id=&#8221;Message&#8221; field_title=&#8221;Zpr\u00e1va&#8221; field_type=&#8221;text&#8221; fullwidth_field=&#8221;on&#8221; _builder_version=&#8221;3.16&#8243; global_colors_info=&#8221;{}&#8221; button_text_size__hover_enabled=&#8221;off&#8221; button_one_text_size__hover_enabled=&#8221;off&#8221; button_two_text_size__hover_enabled=&#8221;off&#8221; button_text_color__hover_enabled=&#8221;off&#8221; button_one_text_color__hover_enabled=&#8221;off&#8221; button_two_text_color__hover_enabled=&#8221;off&#8221; button_border_width__hover_enabled=&#8221;off&#8221; button_one_border_width__hover_enabled=&#8221;off&#8221; button_two_border_width__hover_enabled=&#8221;off&#8221; button_border_color__hover_enabled=&#8221;off&#8221; button_one_border_color__hover_enabled=&#8221;off&#8221; button_two_border_color__hover_enabled=&#8221;off&#8221; button_border_radius__hover_enabled=&#8221;off&#8221; button_one_border_radius__hover_enabled=&#8221;off&#8221; button_two_border_radius__hover_enabled=&#8221;off&#8221; button_letter_spacing__hover_enabled=&#8221;off&#8221; button_one_letter_spacing__hover_enabled=&#8221;off&#8221; button_two_letter_spacing__hover_enabled=&#8221;off&#8221; button_bg_color__hover_enabled=&#8221;off&#8221; button_one_bg_color__hover_enabled=&#8221;off&#8221; button_two_bg_color__hover_enabled=&#8221;off&#8221;][\/et_pb_contact_field][\/et_pb_contact_form][\/et_pb_column][\/et_pb_row][\/et_pb_section]<\/p>\n","protected":false},"excerpt":{"rendered":"<p>DRONOIDY PRO OZBROJEN\u00c9 SLO\u017dKYPodle hesla Spartaqs \u201eBezpe\u010dnost bez kompromis\u016f\u201c chceme, aby byly dronoidy pou\u017e\u00edv\u00e1ny s nejvy\u0161\u0161\u00edmi bezpe\u010dnostn\u00edmi standardy.Mysl\u00edme na bezpe\u010dnost jak pro oper\u00e1tory syst\u00e9mu, tak pro t\u0159et\u00ed strany, kter\u00e9 mohou b\u00fdt v z\u00f3n\u011b jeho provozu. Na zvl\u00e1\u0161tn\u00ed \u017e\u00e1dost ozbrojen\u00fdch slo\u017eek m\u016f\u017ee firma Spartaqs zkonstruovat specializovan\u00e9 dronoidy.Po odesl\u00e1n\u00ed popt\u00e1vky opr\u00e1vn\u011bnou osobou na adresu:biuro@spartaqs.com ji podrob\u00edme d\u016fkladn\u00e9 [&hellip;]<\/p>\n","protected":false},"author":1,"featured_media":0,"parent":0,"menu_order":0,"comment_status":"closed","ping_status":"closed","template":"","meta":{"_et_pb_use_builder":"on","_et_pb_old_content":"","_et_gb_content_width":"","om_disable_all_campaigns":false,"_monsterinsights_skip_tracking":false,"_monsterinsights_sitenote_active":false,"_monsterinsights_sitenote_note":"","_monsterinsights_sitenote_category":0,"_uf_show_specific_survey":0,"_uf_disable_surveys":false,"footnotes":""},"class_list":["post-14254","page","type-page","status-publish","hentry"],"aioseo_notices":[],"_links":{"self":[{"href":"https:\/\/spartaqs.com\/cs\/wp-json\/wp\/v2\/pages\/14254","targetHints":{"allow":["GET"]}}],"collection":[{"href":"https:\/\/spartaqs.com\/cs\/wp-json\/wp\/v2\/pages"}],"about":[{"href":"https:\/\/spartaqs.com\/cs\/wp-json\/wp\/v2\/types\/page"}],"author":[{"embeddable":true,"href":"https:\/\/spartaqs.com\/cs\/wp-json\/wp\/v2\/users\/1"}],"replies":[{"embeddable":true,"href":"https:\/\/spartaqs.com\/cs\/wp-json\/wp\/v2\/comments?post=14254"}],"version-history":[{"count":35,"href":"https:\/\/spartaqs.com\/cs\/wp-json\/wp\/v2\/pages\/14254\/revisions"}],"predecessor-version":[{"id":24532,"href":"https:\/\/spartaqs.com\/cs\/wp-json\/wp\/v2\/pages\/14254\/revisions\/24532"}],"wp:attachment":[{"href":"https:\/\/spartaqs.com\/cs\/wp-json\/wp\/v2\/media?parent=14254"}],"curies":[{"name":"wp","href":"https:\/\/api.w.org\/{rel}","templated":true}]}}